{"id":222032,"date":"2024-01-14T08:45:47","date_gmt":"2024-01-14T08:45:47","guid":{"rendered":"https:\/\/driver.confortdriver.com\/conditions-de-vente\/"},"modified":"2024-12-22T16:09:33","modified_gmt":"2024-12-22T16:09:33","slug":"conditions-de-vente","status":"publish","type":"page","link":"https:\/\/confortdriver.com\/fr\/conditions-de-vente\/","title":{"rendered":"Conditions de vente"},"content":{"rendered":"<p>[et_pb_section fb_built=\u00a0\u00bb1&Prime; custom_padding_last_edited=\u00a0\u00bbon|tablet\u00a0\u00bb _builder_version=\u00a0\u00bb4.19.4&Prime; _module_preset=\u00a0\u00bbdefault\u00a0\u00bb background_color=\u00a0\u00bbrgba(0,0,0,0.65)\u00a0\u00bb background_image=\u00a0\u00bbhttps:\/\/chauffeurproxi.com\/wp-content\/uploads\/2022\/11\/accueil-chauffeur-bordeaux.jpg\u00a0\u00bb background_blend=\u00a0\u00bboverlay\u00a0\u00bb custom_padding=\u00a0\u00bb100px||100px||true|false\u00a0\u00bb custom_padding_tablet=\u00a0\u00bb50px||50px||true|false\u00a0\u00bb custom_padding_phone=\u00a0\u00bb50px||50px||true|false\u00a0\u00bb global_colors_info=\u00a0\u00bb{}\u00a0\u00bb][et_pb_row _builder_version=\u00a0\u00bb4.16&Prime; _module_preset=\u00a0\u00bbdefault\u00a0\u00bb width=\u00a0\u00bb90%\u00a0\u00bb max_width=\u00a0\u00bb1200px\u00a0\u00bb custom_padding=\u00a0\u00bb0px||0px||true|false\u00a0\u00bb global_colors_info=\u00a0\u00bb{}\u00a0\u00bb][et_pb_column type=\u00a0\u00bb4_4&Prime; _builder_version=\u00a0\u00bb4.16&Prime; _module_preset=\u00a0\u00bbdefault\u00a0\u00bb global_colors_info=\u00a0\u00bb{}\u00a0\u00bb][et_pb_button button_url=\u00a0\u00bb@ET-DC@eyJkeW5hbWljIjp0cnVlLCJjb250ZW50IjoicG9zdF9saW5rX3VybCIsInNldHRpbmdzIjpbXX0=@\u00a0\u00bb button_text=\u00a0\u00bb@ET-DC@eyJkeW5hbWljIjp0cnVlLCJjb250ZW50IjoicG9zdF90aXRsZSIsInNldHRpbmdzIjp7ImJlZm9yZSI6IiIsImFmdGVyIjoiIn19@\u00a0\u00bb _builder_version=\u00a0\u00bb4.16&Prime; _dynamic_attributes=\u00a0\u00bbbutton_text,button_url\u00a0\u00bb _module_preset=\u00a0\u00bbdefault\u00a0\u00bb custom_button=\u00a0\u00bbon\u00a0\u00bb button_text_size=\u00a0\u00bb45px\u00a0\u00bb button_text_color=\u00a0\u00bb#FFFFFF\u00a0\u00bb button_bg_color=\u00a0\u00bbRGBA(255,255,255,0)\u00a0\u00bb button_border_width=\u00a0\u00bb0px\u00a0\u00bb button_border_radius=\u00a0\u00bb0px\u00a0\u00bb button_letter_spacing=\u00a0\u00bb0.3px\u00a0\u00bb button_font=\u00a0\u00bb|700|||||||\u00a0\u00bb button_use_icon=\u00a0\u00bboff\u00a0\u00bb custom_padding=\u00a0\u00bb0px|0px|0px|0px|true|true\u00a0\u00bb button_text_size_tablet=\u00a0\u00bb45px\u00a0\u00bb button_text_size_phone=\u00a0\u00bb35px\u00a0\u00bb button_text_size_last_edited=\u00a0\u00bbon|phone\u00a0\u00bb global_colors_info=\u00a0\u00bb{}\u00a0\u00bb][\/et_pb_button][\/et_pb_column][\/et_pb_row][et_pb_row use_custom_gutter=\u00a0\u00bbon\u00a0\u00bb gutter_width=\u00a0\u00bb2&Prime; make_equal=\u00a0\u00bbon\u00a0\u00bb _builder_version=\u00a0\u00bb4.16&Prime; _module_preset=\u00a0\u00bbdefault\u00a0\u00bb width=\u00a0\u00bb90%\u00a0\u00bb max_width=\u00a0\u00bb1200px\u00a0\u00bb custom_padding=\u00a0\u00bb15px||0px||false|false\u00a0\u00bb global_colors_info=\u00a0\u00bb{}\u00a0\u00bb][et_pb_column type=\u00a0\u00bb4_4&Prime; _builder_version=\u00a0\u00bb4.16&Prime; _module_preset=\u00a0\u00bbdefault\u00a0\u00bb custom_css_main_element=\u00a0\u00bbdisplay:flex;\u00a0\u00bb global_colors_info=\u00a0\u00bb{}\u00a0\u00bb][et_pb_button button_url=\u00a0\u00bb@ET-DC@eyJkeW5hbWljIjp0cnVlLCJjb250ZW50IjoiaG9tZV91cmwiLCJzZXR0aW5ncyI6W119@\u00a0\u00bb button_text=\u00a0\u00bbAccueil\u00a0\u00bb _builder_version=\u00a0\u00bb4.16&Prime; _dynamic_attributes=\u00a0\u00bbbutton_url\u00a0\u00bb _module_preset=\u00a0\u00bbdefault\u00a0\u00bb custom_button=\u00a0\u00bbon\u00a0\u00bb button_text_size=\u00a0\u00bb16px\u00a0\u00bb button_text_color=\u00a0\u00bb#FFFFFF\u00a0\u00bb button_bg_color=\u00a0\u00bbRGBA(255,255,255,0)\u00a0\u00bb button_border_width=\u00a0\u00bb0px\u00a0\u00bb button_border_radius=\u00a0\u00bb0px\u00a0\u00bb button_icon=\u00a0\u00bb&#xf105;||fa||900&Prime; button_on_hover=\u00a0\u00bboff\u00a0\u00bb custom_margin=\u00a0\u00bb||0px||false|false\u00a0\u00bb custom_padding=\u00a0\u00bb|||0px|false|false\u00a0\u00bb custom_css_main_element=\u00a0\u00bbfont-weight:400;\u00a0\u00bb custom_css_after=\u00a0\u00bbright:11px;margin:0 !important;\u00a0\u00bb global_colors_info=\u00a0\u00bb{}\u00a0\u00bb][\/et_pb_button][et_pb_button button_url=\u00a0\u00bb@ET-DC@eyJkeW5hbWljIjp0cnVlLCJjb250ZW50IjoiaG9tZV91cmwiLCJzZXR0aW5ncyI6W119@\u00a0\u00bb button_text=\u00a0\u00bb@ET-DC@eyJkeW5hbWljIjp0cnVlLCJjb250ZW50IjoicG9zdF90aXRsZSIsInNldHRpbmdzIjp7ImJlZm9yZSI6IiIsImFmdGVyIjoiIn19@\u00a0\u00bb _builder_version=\u00a0\u00bb4.16&Prime; _dynamic_attributes=\u00a0\u00bbbutton_url,button_text\u00a0\u00bb _module_preset=\u00a0\u00bbdefault\u00a0\u00bb custom_button=\u00a0\u00bbon\u00a0\u00bb button_text_size=\u00a0\u00bb16px\u00a0\u00bb button_bg_color=\u00a0\u00bbRGBA(255,255,255,0)\u00a0\u00bb button_border_width=\u00a0\u00bb0px\u00a0\u00bb button_border_radius=\u00a0\u00bb0px\u00a0\u00bb button_use_icon=\u00a0\u00bboff\u00a0\u00bb custom_margin=\u00a0\u00bb||0px||false|false\u00a0\u00bb custom_padding=\u00a0\u00bb|||0px|false|false\u00a0\u00bb custom_css_main_element=\u00a0\u00bbfont-weight:400;color:var(&#8211;color-1);||\u00a0\u00bb global_colors_info=\u00a0\u00bb{}\u00a0\u00bb][\/et_pb_button][\/et_pb_column][\/et_pb_row][\/et_pb_section][et_pb_section fb_built=\u00a0\u00bb1&Prime; make_equal=\u00a0\u00bbon\u00a0\u00bb use_custom_gutter=\u00a0\u00bbon\u00a0\u00bb gutter_width=\u00a0\u00bb2&Prime; specialty=\u00a0\u00bbon\u00a0\u00bb _builder_version=\u00a0\u00bb4.16&Prime; _module_preset=\u00a0\u00bbdefault\u00a0\u00bb inner_width=\u00a0\u00bb90%\u00a0\u00bb inner_max_width=\u00a0\u00bb1200px\u00a0\u00bb global_colors_info=\u00a0\u00bb{}\u00a0\u00bb][et_pb_column type=\u00a0\u00bb1_2&Prime; specialty_columns=\u00a0\u00bb2&Prime; _builder_version=\u00a0\u00bb4.16&Prime; custom_padding=\u00a0\u00bb|||\u00a0\u00bb global_colors_info=\u00a0\u00bb{}\u00a0\u00bb custom_padding__hover=\u00a0\u00bb|||\u00a0\u00bb][et_pb_row_inner _builder_version=\u00a0\u00bb4.16&Prime; _module_preset=\u00a0\u00bbdefault\u00a0\u00bb global_colors_info=\u00a0\u00bb{}\u00a0\u00bb][et_pb_column_inner saved_specialty_column_type=\u00a0\u00bb1_2&Prime; _builder_version=\u00a0\u00bb4.16&Prime; _module_preset=\u00a0\u00bbdefault\u00a0\u00bb global_colors_info=\u00a0\u00bb{}\u00a0\u00bb][et_pb_text _builder_version=\u00a0\u00bb4.24.0&Prime; _module_preset=\u00a0\u00bbdefault\u00a0\u00bb text_font=\u00a0\u00bb||||||||\u00a0\u00bb text_font_size=\u00a0\u00bb17px\u00a0\u00bb custom_margin=\u00a0\u00bb||15px||false|false\u00a0\u00bb custom_css_main_element=\u00a0\u00bbcolor:var(&#8211;color-1);\u00a0\u00bb global_colors_info=\u00a0\u00bb{}\u00a0\u00bb]<\/p>\n<p>Conditions de vente<\/p>\n<p>[\/et_pb_text][et_pb_text module_class=\u00a0\u00bbdct_title\u00a0\u00bb _builder_version=\u00a0\u00bb4.24.1&Prime; _module_preset=\u00a0\u00bbdefault\u00a0\u00bb text_font=\u00a0\u00bb|||on|||||\u00a0\u00bb header_font=\u00a0\u00bb||||||||\u00a0\u00bb header_2_font=\u00a0\u00bb|700|||||||\u00a0\u00bb header_2_text_align=\u00a0\u00bbleft\u00a0\u00bb header_2_text_color=\u00a0\u00bb#000000&Prime; header_2_font_size=\u00a0\u00bb35px\u00a0\u00bb header_2_line_height=\u00a0\u00bb45px\u00a0\u00bb width=\u00a0\u00bb100%\u00a0\u00bb max_width=\u00a0\u00bb100%\u00a0\u00bb custom_margin=\u00a0\u00bb||10px||false|false\u00a0\u00bb header_2_font_tablet=\u00a0\u00bb|700|||||||\u00a0\u00bb header_2_font_phone=\u00a0\u00bb|600|||||||\u00a0\u00bb header_2_font_last_edited=\u00a0\u00bbon|phone\u00a0\u00bb header_2_font_size_tablet=\u00a0\u00bb36px\u00a0\u00bb header_2_font_size_phone=\u00a0\u00bb20px\u00a0\u00bb header_2_font_size_last_edited=\u00a0\u00bbon|phone\u00a0\u00bb header_2_line_height_tablet=\u00a0\u00bb45px\u00a0\u00bb header_2_line_height_phone=\u00a0\u00bb34.7px\u00a0\u00bb header_2_line_height_last_edited=\u00a0\u00bbon|phone\u00a0\u00bb text_text_shadow_style=\u00a0\u00bbpreset3&Prime; header_2_text_shadow_style=\u00a0\u00bbpreset1&Prime; global_colors_info=\u00a0\u00bb{}\u00a0\u00bb]<\/p>\n<div id=\"ez-toc-container\" class=\"ez-toc-v2_0_82_2 counter-hierarchy ez-toc-counter ez-toc-grey ez-toc-container-direction\">\n<div class=\"ez-toc-title-container\">\n<p class=\"ez-toc-title\" style=\"cursor:inherit\">Table of Contents<\/p>\n<span class=\"ez-toc-title-toggle\"><a href=\"#\" class=\"ez-toc-pull-right ez-toc-btn ez-toc-btn-xs ez-toc-btn-default ez-toc-toggle\" aria-label=\"Toggle Table of Content\"><span class=\"ez-toc-js-icon-con\"><span class=\"\"><span class=\"eztoc-hide\" style=\"display:none;\">Toggle<\/span><span class=\"ez-toc-icon-toggle-span\"><svg style=\"fill: #999;color:#999\" xmlns=\"http:\/\/www.w3.org\/2000\/svg\" class=\"list-377408\" width=\"20px\" height=\"20px\" viewBox=\"0 0 24 24\" fill=\"none\"><path d=\"M6 6H4v2h2V6zm14 0H8v2h12V6zM4 11h2v2H4v-2zm16 0H8v2h12v-2zM4 16h2v2H4v-2zm16 0H8v2h12v-2z\" fill=\"currentColor\"><\/path><\/svg><svg style=\"fill: #999;color:#999\" class=\"arrow-unsorted-368013\" xmlns=\"http:\/\/www.w3.org\/2000\/svg\" width=\"10px\" height=\"10px\" viewBox=\"0 0 24 24\" version=\"1.2\" baseProfile=\"tiny\"><path d=\"M18.2 9.3l-6.2-6.3-6.2 6.3c-.2.2-.3.4-.3.7s.1.5.3.7c.2.2.4.3.7.3h11c.3 0 .5-.1.7-.3.2-.2.3-.5.3-.7s-.1-.5-.3-.7zM5.8 14.7l6.2 6.3 6.2-6.3c.2-.2.3-.5.3-.7s-.1-.5-.3-.7c-.2-.2-.4-.3-.7-.3h-11c-.3 0-.5.1-.7.3-.2.2-.3.5-.3.7s.1.5.3.7z\"\/><\/svg><\/span><\/span><\/span><\/a><\/span><\/div>\n<nav><ul class='ez-toc-list ez-toc-list-level-1 ' ><li class='ez-toc-page-1 ez-toc-heading-level-3'><a class=\"ez-toc-link ez-toc-heading-1\" href=\"https:\/\/confortdriver.com\/fr\/conditions-de-vente\/#NOS_CONDITIONS_DE_VENTE\" >NOS CONDITIONS DE VENTE<\/a><ul class='ez-toc-list-level-6' ><li class='ez-toc-heading-level-6'><ul class='ez-toc-list-level-6' ><li class='ez-toc-heading-level-6'><ul class='ez-toc-list-level-6' ><li class='ez-toc-heading-level-6'><a class=\"ez-toc-link ez-toc-heading-2\" href=\"https:\/\/confortdriver.com\/fr\/conditions-de-vente\/#ARTICLE_1_CONDITIONS_ET_ACCEPTATION\" >**ARTICLE 1 : CONDITIONS ET ACCEPTATION**<\/a><\/li><li class='ez-toc-page-1 ez-toc-heading-level-6'><a class=\"ez-toc-link ez-toc-heading-3\" href=\"https:\/\/confortdriver.com\/fr\/conditions-de-vente\/#ARTICLE_2_RESERVATIONS\" >**ARTICLE 2 : R\u00c9SERVATIONS**<\/a><\/li><li class='ez-toc-page-1 ez-toc-heading-level-6'><a class=\"ez-toc-link ez-toc-heading-4\" href=\"https:\/\/confortdriver.com\/fr\/conditions-de-vente\/#ARTICLE_3_AVANTAGES\" >**ARTICLE 3 : AVANTAGES**<\/a><\/li><li class='ez-toc-page-1 ez-toc-heading-level-6'><a class=\"ez-toc-link ez-toc-heading-5\" href=\"https:\/\/confortdriver.com\/fr\/conditions-de-vente\/#ARTICLE_4_PRIX\" >**ARTICLE 4 : PRIX**<\/a><\/li><li class='ez-toc-page-1 ez-toc-heading-level-6'><a class=\"ez-toc-link ez-toc-heading-6\" href=\"https:\/\/confortdriver.com\/fr\/conditions-de-vente\/#ARTICLE_5_PROVISION\" >**ARTICLE 5 : PROVISION**<\/a><\/li><li class='ez-toc-page-1 ez-toc-heading-level-6'><a class=\"ez-toc-link ez-toc-heading-7\" href=\"https:\/\/confortdriver.com\/fr\/conditions-de-vente\/#ARTICLE_6_CONCLUSION_ET_PAIEMENT_DU_CONTRAT\" >**ARTICLE 6 : CONCLUSION ET PAIEMENT DU CONTRAT**<\/a><\/li><li class='ez-toc-page-1 ez-toc-heading-level-6'><a class=\"ez-toc-link ez-toc-heading-8\" href=\"https:\/\/confortdriver.com\/fr\/conditions-de-vente\/#ARTICLE_7_RESILIATION_DU_CONTRAT\" >**ARTICLE 7 : R\u00c9SILIATION DU CONTRAT**<\/a><\/li><li class='ez-toc-page-1 ez-toc-heading-level-6'><a class=\"ez-toc-link ez-toc-heading-9\" href=\"https:\/\/confortdriver.com\/fr\/conditions-de-vente\/#ARTICLE_8_MODIFICATION_EN_COURS_DE_SERVICE\" >*ARTICLE 8 : MODIFICATION EN COURS DE SERVICE**<\/a><\/li><li class='ez-toc-page-1 ez-toc-heading-level-6'><a class=\"ez-toc-link ez-toc-heading-10\" href=\"https:\/\/confortdriver.com\/fr\/conditions-de-vente\/#ARTICLE_9_LE_PAIEMENT\" >**ARTICLE 9 : LE PAIEMENT**<\/a><\/li><li class='ez-toc-page-1 ez-toc-heading-level-6'><a class=\"ez-toc-link ez-toc-heading-11\" href=\"https:\/\/confortdriver.com\/fr\/conditions-de-vente\/#ARTICLE_10_PERSONNES_A_MOBILITE_REDUITE\" >**ARTICLE 10 : PERSONNES \u00c0 MOBILIT\u00c9 R\u00c9DUITE**<\/a><\/li><li class='ez-toc-page-1 ez-toc-heading-level-6'><a class=\"ez-toc-link ez-toc-heading-12\" href=\"https:\/\/confortdriver.com\/fr\/conditions-de-vente\/#ARTICLE_11_LINFORMATIQUE_ET_LES_LIBERTES\" >**ARTICLE 11 : L&rsquo;INFORMATIQUE ET LES LIBERT\u00c9S**<\/a><\/li><li class='ez-toc-page-1 ez-toc-heading-level-6'><a class=\"ez-toc-link ez-toc-heading-13\" href=\"https:\/\/confortdriver.com\/fr\/conditions-de-vente\/#ARTICLE_12_LA_SOUS-TRAITANCE\" >**ARTICLE 12 : LA SOUS-TRAITANCE**<\/a><\/li><li class='ez-toc-page-1 ez-toc-heading-level-6'><a class=\"ez-toc-link ez-toc-heading-14\" href=\"https:\/\/confortdriver.com\/fr\/conditions-de-vente\/#ARTICLE_13_QUALITE_DU_SERVICE\" >**ARTICLE 13 : QUALIT\u00c9 DU SERVICE**<\/a><\/li><li class='ez-toc-page-1 ez-toc-heading-level-6'><a class=\"ez-toc-link ez-toc-heading-15\" href=\"https:\/\/confortdriver.com\/fr\/conditions-de-vente\/#ARTICLE_14_RESPONSABILITE_DU_CLIENT_ET_DES_PERSONNES_TRANSPORTEES\" >**ARTICLE 14 : RESPONSABILIT\u00c9 DU CLIENT ET DES PERSONNES TRANSPORT\u00c9ES**<\/a><\/li><\/ul><\/li><\/ul><\/li><\/ul><\/li><\/ul><\/nav><\/div>\n<h3 style=\"padding-left: 0px; text-align: left;\"><span class=\"ez-toc-section\" id=\"NOS_CONDITIONS_DE_VENTE\"><\/span>\n            <strong>NOS CONDITIONS DE VENTE<br \/><\/strong><br \/>\n          <span class=\"ez-toc-section-end\"><\/span><\/h3>\n<p>[\/et_pb_text][et_pb_text _builder_version=\u00a0\u00bb4.27.4&Prime; _module_preset=\u00a0\u00bbdefault\u00a0\u00bb text_font_size=\u00a0\u00bb15px\u00a0\u00bb text_letter_spacing=\u00a0\u00bb0.3px\u00a0\u00bb text_line_height=\u00a0\u00bb27px\u00a0\u00bb hover_enabled=\u00a0\u00bb0&Prime; custom_css_main_element=\u00a0\u00bbfont-weight:400;\u00a0\u00bb global_colors_info=\u00a0\u00bb{}\u00a0\u00bb sticky_enabled=\u00a0\u00bb0&Prime;]<\/p>\n<h6 style=\"text-align: left;\"><span class=\"ez-toc-section\" id=\"ARTICLE_1_CONDITIONS_ET_ACCEPTATION\"><\/span><strong>**ARTICLE 1 : CONDITIONS ET ACCEPTATION**<\/strong><span class=\"ez-toc-section-end\"><\/span><\/h6>\n<div class=\"entry-content\">\n<p style=\"text-align: justify;\">Le client reconna\u00eet avoir pris connaissance des conditions g\u00e9n\u00e9rales de vente au moment de la r\u00e9servation. La r\u00e9servation est effective apr\u00e8s acceptation de la demande par <strong>COMFORT DRIVER<\/strong> (Par Email, SMS). <\/p>\n<h6 style=\"text-align: left;\"><span class=\"ez-toc-section\" id=\"ARTICLE_2_RESERVATIONS\"><\/span><strong>**ARTICLE 2 : R\u00c9SERVATIONS**<\/strong><span class=\"ez-toc-section-end\"><\/span><\/h6>\n<p style=\"text-align: justify;\">Le fait de r\u00e9server implique l&rsquo;acceptation totale par le client des pr\u00e9sentes CGV.<\/p>\n<p style=\"text-align: justify;\">Toutes les r\u00e9servations doivent \u00eatre effectu\u00e9es via le site, par e-mail, par t\u00e9l\u00e9phone ou par SMS. Chaque r\u00e9servation doit comporter &#8211; Le nom du client &#8211; L&rsquo;adresse email &#8211; Le num\u00e9ro de t\u00e9l\u00e9phone &#8211; L&rsquo;adresse de d\u00e9part et d&rsquo;arriv\u00e9e &#8211; La date et l&rsquo;heure de la prestation &#8211; Le nombre de passagers (adultes\/enfants) et le nombre de bagages. &#8211; L&rsquo;itin\u00e9raire impos\u00e9 (si indiqu\u00e9 par le client) &#8211; Un e-mail ou un SMS de confirmation vous sera envoy\u00e9 pour valider votre r\u00e9servation.  <\/p>\n<h6 style=\"text-align: justify;\"><span class=\"ez-toc-section\" id=\"ARTICLE_3_AVANTAGES\"><\/span><strong>**ARTICLE 3 : AVANTAGES**<\/strong><span class=\"ez-toc-section-end\"><\/span><\/h6>\n<p style=\"text-align: justify;\">Le service est effectu\u00e9 au jour et \u00e0 l&rsquo;heure indiqu\u00e9s lors de la r\u00e9servation, <strong>COMFORT DRIVER<\/strong> s&rsquo;engage \u00e0 \u00eatre ponctuel. En cas de force majeure, <strong>COMFORT DRIVER<\/strong> s&rsquo;engage \u00e0 tout mettre en \u0153uvre pour assurer la continuit\u00e9 du service. En cas de retard du client, les 15 premi\u00e8res minutes sont incluses, puis 15 \u20ac par tranche de 30 minutes. Aucun remboursement ou compensation en cas de non pr\u00e9sentation.   <\/p>\n<h6 style=\"text-align: justify;\"><span class=\"ez-toc-section\" id=\"ARTICLE_4_PRIX\"><\/span><strong>**ARTICLE 4 : PRIX**<\/strong><span class=\"ez-toc-section-end\"><\/span><\/h6>\n<p style=\"text-align: justify;\"><strong>COMFORT DRIVER<\/strong> fixe le prix du service sur la base des informations fournies par le client. Les prix comprennent la TVA, le service du chauffeur, le carburant, l&rsquo;assurance et les p\u00e9ages. Les frais de parking ne sont pas inclus.  <\/p>\n<h6 style=\"text-align: justify;\"><span class=\"ez-toc-section\" id=\"ARTICLE_5_PROVISION\"><\/span><strong>**ARTICLE 5 : PROVISION**<\/strong><span class=\"ez-toc-section-end\"><\/span><\/h6>\n<p style=\"text-align: justify;\">Correspond \u00e0 la mise \u00e0 disposition d&rsquo;un v\u00e9hicule avec chauffeur pour un nombre d&rsquo;heures d\u00e9termin\u00e9. Le nombre de kilom\u00e8tres maximum est indiqu\u00e9 pour chaque dur\u00e9e r\u00e9serv\u00e9e. <\/p>\n<h6 style=\"text-align: left;\"><span class=\"ez-toc-section\" id=\"ARTICLE_6_CONCLUSION_ET_PAIEMENT_DU_CONTRAT\"><\/span><strong>**ARTICLE 6 : CONCLUSION ET PAIEMENT DU CONTRAT**<\/strong><span class=\"ez-toc-section-end\"><\/span><\/h6>\n<p style=\"text-align: justify;\">Le contrat est conclu apr\u00e8s le versement d&rsquo;un acompte de 30 %. Le paiement du prix du billet et des services suppl\u00e9mentaires doit \u00eatre effectu\u00e9 \u00e0 la r\u00e9ception de la facture. Tout retard de paiement entra\u00eene des p\u00e9nalit\u00e9s. Le non-paiement entra\u00eene l&rsquo;exigibilit\u00e9 imm\u00e9diate de toutes les sommes dues.   <\/p>\n<h6 style=\"text-align: left;\"><span class=\"ez-toc-section\" id=\"ARTICLE_7_RESILIATION_DU_CONTRAT\"><\/span><strong>**ARTICLE 7 : R\u00c9SILIATION DU CONTRAT**<\/strong><span class=\"ez-toc-section-end\"><\/span><\/h6>\n<p style=\"text-align: justify;\">L&rsquo;annulation doit \u00eatre envoy\u00e9e par lettre recommand\u00e9e. Des frais d&rsquo;annulation sont appliqu\u00e9s en fonction du d\u00e9lai de pr\u00e9avis. Les modifications sont autoris\u00e9es jusqu&rsquo;\u00e0 2 heures avant le service, sans frais.  <\/p>\n<\/div>\n<p>[\/et_pb_text][\/et_pb_column_inner][\/et_pb_row_inner][\/et_pb_column][et_pb_column type=\u00a0\u00bb1_2&Prime; _builder_version=\u00a0\u00bb4.16&Prime; custom_padding=\u00a0\u00bb|||\u00a0\u00bb global_colors_info=\u00a0\u00bb{}\u00a0\u00bb custom_padding__hover=\u00a0\u00bb|||\u00a0\u00bb][et_pb_image src=\u00a0\u00bbhttps:\/\/confortdriver.com\/wp-content\/uploads\/2017\/11\/sales-contract-terms-abstract-concept-vector-illustration_107173-20920.avif\u00a0\u00bb alt=\u00a0\u00bbconditions de vente conditions\u00a0\u00bb title_text=\u00a0\u00bbcontrat de vente-termes-abstract-concept-vecteur-illustration_107173-20920&Prime; _builder_version=\u00a0\u00bb4.27.4&Prime; _module_preset=\u00a0\u00bbdefault\u00a0\u00bb max_height=\u00a0\u00bb438px\u00a0\u00bb custom_margin=\u00a0\u00bb33px||||false|false\u00a0\u00bb custom_padding=\u00a0\u00bb||||false|false\u00a0\u00bb border_radii=\u00a0\u00bbon|10px|10px|10px|10px\u00a0\u00bb global_colors_info=\u00a0\u00bb{}\u00a0\u00bb][\/et_pb_image][et_pb_text _builder_version=\u00a0\u00bb4.27.4&Prime; _module_preset=\u00a0\u00bbdefault\u00a0\u00bb text_font_size=\u00a0\u00bb15px\u00a0\u00bb text_letter_spacing=\u00a0\u00bb0.3px\u00a0\u00bb text_line_height=\u00a0\u00bb27px\u00a0\u00bb custom_margin=\u00a0\u00bb||||false|false\u00a0\u00bb hover_enabled=\u00a0\u00bb0&Prime; custom_css_main_element=\u00a0\u00bbfont-weight:400;\u00a0\u00bb global_colors_info=\u00a0\u00bb{}\u00a0\u00bb sticky_enabled=\u00a0\u00bb0&Prime;]<\/p>\n<h6 style=\"text-align: left;\"><span class=\"ez-toc-section\" id=\"ARTICLE_8_MODIFICATION_EN_COURS_DE_SERVICE\"><\/span><strong>*ARTICLE 8 : MODIFICATION EN COURS DE SERVICE**<\/strong><span class=\"ez-toc-section-end\"><\/span><\/h6>\n<p style=\"text-align: justify;\">Toute modification peut entra\u00eener un ajustement du prix. <strong>COMFORT DRIVER <\/strong>se r\u00e9serve le droit de refuser des modifications.<\/p>\n<h6 style=\"text-align: justify;\"><span class=\"ez-toc-section\" id=\"ARTICLE_9_LE_PAIEMENT\"><\/span><strong>**ARTICLE 9 : LE PAIEMENT**<\/strong><span class=\"ez-toc-section-end\"><\/span><\/h6>\n<p style=\"text-align: justify;\">Paiements accept\u00e9s : Carte de cr\u00e9dit, Virement bancaire, Esp\u00e8ces. Pas de paiement par ch\u00e8que, sauf pour les entreprises locales en compte factur\u00e9 \u00e0 la fin du mois. <\/p>\n<h6 style=\"text-align: left;\"><span class=\"ez-toc-section\" id=\"ARTICLE_10_PERSONNES_A_MOBILITE_REDUITE\"><\/span><strong>**ARTICLE 10 : PERSONNES \u00c0 MOBILIT\u00c9 R\u00c9DUITE**<\/strong><span class=\"ez-toc-section-end\"><\/span><\/h6>\n<p style=\"text-align: justify;\"><strong>COMFORT DRIVER<\/strong> s&rsquo;efforce de prendre en charge les personnes \u00e0 mobilit\u00e9 r\u00e9duite.<\/p>\n<h6 style=\"text-align: justify;\"><span class=\"ez-toc-section\" id=\"ARTICLE_11_LINFORMATIQUE_ET_LES_LIBERTES\"><\/span><strong>**ARTICLE 11 : L&rsquo;INFORMATIQUE ET LES LIBERT\u00c9S**<\/strong><span class=\"ez-toc-section-end\"><\/span><\/h6>\n<p style=\"text-align: justify;\">Les parties d\u00e9clarent respecter les obligations impos\u00e9es par la r\u00e9glementation sur les donn\u00e9es personnelles.<\/p>\n<h6 style=\"text-align: justify;\"><span class=\"ez-toc-section\" id=\"ARTICLE_12_LA_SOUS-TRAITANCE\"><\/span><strong>**ARTICLE 12 : LA SOUS-TRAITANCE**<\/strong><span class=\"ez-toc-section-end\"><\/span><\/h6>\n<p style=\"text-align: justify;\"><strong>COMFORT DRIVER<\/strong> se r\u00e9serve le droit de faire appel \u00e0 des sous-traitants offrant des services \u00e9quivalents.<\/p>\n<h6 style=\"text-align: justify;\"><span class=\"ez-toc-section\" id=\"ARTICLE_13_QUALITE_DU_SERVICE\"><\/span><strong>**ARTICLE 13 : QUALIT\u00c9 DU SERVICE**<\/strong><span class=\"ez-toc-section-end\"><\/span><\/h6>\n<p style=\"text-align: justify;\">Les services sont fournis dans le respect des r\u00e9servations et de toutes les r\u00e9glementations.<\/p>\n<h6 style=\"text-align: left;\"><span class=\"ez-toc-section\" id=\"ARTICLE_14_RESPONSABILITE_DU_CLIENT_ET_DES_PERSONNES_TRANSPORTEES\"><\/span><strong>**ARTICLE 14 : RESPONSABILIT\u00c9 DU CLIENT ET DES PERSONNES TRANSPORT\u00c9ES**<\/strong><span class=\"ez-toc-section-end\"><\/span><\/h6>\n<p style=\"text-align: justify;\">Le client et les passagers doivent se conformer aux r\u00e8gles, et tout dommage est de la responsabilit\u00e9 du client. <strong>COMFORT DRIVER<\/strong> d\u00e9cline toute responsabilit\u00e9 pour les actions du client avant et apr\u00e8s le transport, et se r\u00e9serve le droit de refuser son aide en cas de non-respect des r\u00e8gles.<\/p>\n<p>[\/et_pb_text][\/et_pb_column][\/et_pb_section]<\/p>\n","protected":false},"excerpt":{"rendered":"<p>Conditions de vente NOS CONDITIONS DE VENTE **ARTICLE 1 : CONDITIONS ET ACCEPTATION** Le client reconna\u00eet avoir pris connaissance des conditions g\u00e9n\u00e9rales de vente au moment de la r\u00e9servation. La r\u00e9servation est effective apr\u00e8s acceptation de la demande par COMFORT DRIVER (Par Email, SMS). **ARTICLE 2 : R\u00c9SERVATIONS** Le fait de r\u00e9server implique l&rsquo;acceptation totale [&hellip;]<\/p>\n","protected":false},"author":1,"featured_media":0,"parent":0,"menu_order":0,"comment_status":"closed","ping_status":"closed","template":"","meta":{"_et_pb_use_builder":"on","_et_pb_old_content":"","_et_gb_content_width":"","om_disable_all_campaigns":false,"footnotes":""},"dipi_cpt_category":[],"class_list":["post-222032","page","type-page","status-publish","hentry"],"_hostinger_reach_plugin_has_subscription_block":false,"_hostinger_reach_plugin_is_elementor":false,"jetpack_sharing_enabled":true,"_links":{"self":[{"href":"https:\/\/confortdriver.com\/fr\/wp-json\/wp\/v2\/pages\/222032","targetHints":{"allow":["GET"]}}],"collection":[{"href":"https:\/\/confortdriver.com\/fr\/wp-json\/wp\/v2\/pages"}],"about":[{"href":"https:\/\/confortdriver.com\/fr\/wp-json\/wp\/v2\/types\/page"}],"author":[{"embeddable":true,"href":"https:\/\/confortdriver.com\/fr\/wp-json\/wp\/v2\/users\/1"}],"replies":[{"embeddable":true,"href":"https:\/\/confortdriver.com\/fr\/wp-json\/wp\/v2\/comments?post=222032"}],"version-history":[{"count":0,"href":"https:\/\/confortdriver.com\/fr\/wp-json\/wp\/v2\/pages\/222032\/revisions"}],"wp:attachment":[{"href":"https:\/\/confortdriver.com\/fr\/wp-json\/wp\/v2\/media?parent=222032"}],"wp:term":[{"taxonomy":"dipi_cpt_category","embeddable":true,"href":"https:\/\/confortdriver.com\/fr\/wp-json\/wp\/v2\/dipi_cpt_category?post=222032"}],"curies":[{"name":"wp","href":"https:\/\/api.w.org\/{rel}","templated":true}]}}